{"id":22499,"date":"2020-07-14T12:20:21","date_gmt":"2020-07-14T10:20:21","guid":{"rendered":"https:\/\/www.wildandroot.com\/how-to-showcase-a-city-as-a-home-for-a-diversity-of-people\/"},"modified":"2023-02-22T12:22:33","modified_gmt":"2023-02-22T11:22:33","slug":"wie-man-eine-stadt-als-heimat-der-vielfalt-praesentiert","status":"publish","type":"page","link":"https:\/\/www.wildandroot.com\/de\/wie-man-eine-stadt-als-heimat-der-vielfalt-praesentiert\/","title":{"rendered":"Wie man eine Stadt als Heimat der Vielfalt pr\u00e4sentiert"},"content":{"rendered":"<section  class=\" full-screen position-relative no-padding\"  style=\" background-image: url(https:\/\/www.wildandroot.com\/wp-content\/uploads\/2020\/07\/29112017-29112017-5Z0A8003-e1596105030622.jpg); \"><div class=\"container-fluid\"><div class=\"row\"><div class=\"wpb_column vc_column_container col-xs-mobile-fullwidth\"><div class=\"vc-column-innner-wrapper\"><div class=\"video-background fit-videos\"><div class=\" position-relative\"><div class=\"slider-typography\"><div class=\"slider-text-middle-main\"><div class=\"slider-text-bottom slider-text-middle3\"><h1 class=\"cd-headline letters type xs-margin-bottom-thirtyfive\"><span class=\"rotation-highlight\" >Wie man eine Stadt als Heimat der Vielfalt pr\u00e4sentiert <\/span><br><\/h1><\/div><\/div><\/div><\/div><\/div><div class=\"video-wrapper full-screen-width z-index-0\"><video  class=\"html-video\" poster=\"https:\/\/www.wildandroot.com\/wp-content\/uploads\/2020\/07\/29112017-29112017-5Z0A8003-e1594767921370.jpg\"><\/video><\/div><\/div><\/div><\/div><\/div><\/section><section class=\" row-equal-height\" ><div class=\"container\"><div class=\"row\"><div class=\"wpb_column vc_column_container col-xs-mobile-fullwidth col-sm-6\"><div class=\"vc-column-innner-wrapper\"><div  class=\"  margin-two sm-margin-two xs-margin-two\" ><h2><span style=\"color: #fab51d;\">UMSETZUNG<\/span><\/h2>\n<p><span style=\"font-weight: 400; color: #1f1b3e;\">Wir erstellten eine Serie von sieben Portr\u00e4ts \u00fcber B\u00fcrgerInnen Lissabons.\u00a0<\/span><\/p>\n<ul>\n<li style=\"font-weight: 400;\"><span style=\"font-weight: 400; color: #1f1b3e;\">Eine Ausstellung hielt ihre Bilder und Interviews fest.<\/span><\/li>\n<li style=\"font-weight: 400;\"><span style=\"font-weight: 400; color: #1f1b3e;\">Wir luden zu einem Sieben-G\u00e4nge-Men\u00fc ein.\u00a0<\/span><\/li>\n<li style=\"font-weight: 400;\"><span style=\"font-weight: 400; color: #1f1b3e;\">Jeder Gang war eine Interpretation ihrer Interviewantworten, stellte ihre Geschichte und ihren Charakter dar.\u00a0<\/span><\/li>\n<li style=\"font-weight: 400;\"><span style=\"font-weight: 400; color: #1f1b3e;\">Indem wir die G\u00e4nge mit inhaltlichen Ausz\u00fcgen aus den Interviews begannen, erhielten die TeilnehmerInnen ein tieferes Verst\u00e4ndnis f\u00fcr die jeweilige Geschichte und den Charakter der Portr\u00e4tierten.<\/span><\/li>\n<\/ul>\n<p>&nbsp;<\/p>\n<h2><span style=\"color: #fab51d;\">HEARTFACT<\/span><\/h2>\n<p><span style=\"font-weight: 400; color: #1f1b3e;\">Eines unserer bisher emotionalsten Dinner. Indem wir die Heimatgeschichten auf eine pers\u00f6nliche Ebene brachten, konnten sich die G\u00e4ste mit den Geschichten identifizieren und die Pers\u00f6nlichkeiten der Portr\u00e4tierten durch das Essen auf eine v\u00f6llig neue Weise entdecken.<\/span><\/p>\n<p>&nbsp;<\/p>\n<h2><span style=\"color: #fab51d;\">KONTEXT<\/span><\/h2>\n<p><span style=\"color: #1f1b3e;\">Kollaboration mit <span style=\"font-weight: 400;\">Ascoida, Filipe Lucas Fraz\u00e3o und Tolga Klein in Lissabon<\/span>.<\/span><\/p>\n<\/div><\/div><\/div><div class=\"wpb_column vc_column_container col-xs-mobile-fullwidth col-sm-6\"><div class=\"vc-column-innner-wrapper\"><img loading=\"lazy\" decoding=\"async\" src=\"https:\/\/www.wildandroot.com\/wp-content\/uploads\/2020\/07\/29112017-29112017-5Z0A8454.jpg\" width=\"1333\" height=\"2000\"  alt=\"Wild & Root Kreativagentur, Lebensmittelkonzepte\"><\/div><\/div><\/div><\/div><\/section><section class=\" row-equal-height\" ><div class=\"container\"><div class=\"row\"><div class=\"wpb_column vc_column_container col-xs-mobile-fullwidth col-sm-12 margin-two sm-margin-two xs-margin-two\"><div class=\"vc-column-innner-wrapper\"><div class=\" hcode-inner-row\" ><div class=\"wpb_column vc_column_container marmob3 col-xs-mobile-fullwidth col-sm-3\"><div class=\"vc-column-innner-wrapper\"><img loading=\"lazy\" decoding=\"async\" src=\"https:\/\/www.wildandroot.com\/wp-content\/uploads\/2018\/05\/29112017-29112017-5Z0A8517.jpg\" width=\"640\" height=\"960\"  alt=\"Wild and Root Food Research Lab Berlin\"><\/div><\/div><div class=\"wpb_column vc_column_container marmob3 col-xs-mobile-fullwidth col-sm-3\"><div class=\"vc-column-innner-wrapper\"><img loading=\"lazy\" decoding=\"async\" src=\"https:\/\/www.wildandroot.com\/wp-content\/uploads\/2018\/05\/29112017-29112017-5Z0A7952.jpg\" width=\"640\" height=\"960\"  alt=\"Wild and Root Food Research Lab Berlin\"><\/div><\/div><div class=\"wpb_column vc_column_container marmob3 col-xs-mobile-fullwidth col-sm-3\"><div class=\"vc-column-innner-wrapper\"><img loading=\"lazy\" decoding=\"async\" src=\"https:\/\/www.wildandroot.com\/wp-content\/uploads\/2017\/12\/Peter-383.jpg\" width=\"600\" height=\"900\"  alt=\"Wild and Root Food Research Lab\"><\/div><\/div><div class=\"wpb_column vc_column_container marmob3 col-xs-mobile-fullwidth col-sm-3\"><div class=\"vc-column-innner-wrapper\"><img loading=\"lazy\" decoding=\"async\" src=\"https:\/\/www.wildandroot.com\/wp-content\/uploads\/2018\/05\/29112017-29112017-5Z0A7933.jpg\" width=\"640\" height=\"960\"  alt=\"Wild and Root Food Research Lab Berlin\"><\/div><\/div><\/div><\/div><\/div><\/div><\/div><\/section><section class=\" row-equal-height\" ><div class=\"container\"><div class=\"row\"><div class=\"wpb_column vc_column_container col-xs-mobile-fullwidth col-sm-12 margin-two sm-margin-two xs-margin-two\"><div class=\"vc-column-innner-wrapper\"><div  class=\"  margin-four-bottom sm-margin-four-bottom xs-margin-two-bottom\" ><h2 style=\"text-align: center;\"><span style=\"color: #8c1d18;\">KANN DIESES ANALOGE ENGAGEMENT IN EINER DIGITALEN WELT FUNKTIONIEREN?<\/span><\/h2>\n<p style=\"text-align: center;\"><span style=\"color: #1f1b3e;\"><strong>Klar, lasst uns eure Fantasie befl\u00fcgeln! Wie w\u00e4re es mit ...<\/strong><\/span><\/p>\n<\/div><div class=\" hcode-inner-row\" ><div class=\"wpb_column vc_column_container col-xs-mobile-fullwidth col-sm-4 text-center sm-text-center xs-text-center\"><div class=\"vc-column-innner-wrapper\"><span class=\"services-number-landing font-weight-100 gray-text bg-light-yellow\">1<\/span><p class=\"text-med font-weight-600 margin-five no-margin-bottom\" style=\"color:#fab51d !important\">Online-Ausstellung<\/p><p style=\"text-align: center;\"><span style=\"font-weight: 400; color: #1f1b3e;\">Einer interaktiven Online-Ausstellung, in der man Interviews liest, Portr\u00e4ts betrachtet und neue Gerichte erfinden kann<\/span><\/p>\n<\/div><\/div><div class=\"wpb_column vc_column_container col-xs-mobile-fullwidth col-sm-4 text-center sm-text-center xs-text-center\"><div class=\"vc-column-innner-wrapper\"><span class=\"services-number-landing font-weight-100 gray-text bg-light-yellow\">2<\/span><p class=\"text-med font-weight-600 margin-five no-margin-bottom\" style=\"color:#fab51d !important\">City Story Map<\/p><p style=\"text-align: center;\"><span style=\"font-weight: 400; color: #1f1b3e;\">Einer \u201eCity Story Map\u201c, bei der \u00fcber QR-Codes an verschiedenen Orten eine pers\u00f6nliche Geschichte erz\u00e4hlt wird<\/span><\/p>\n<\/div><\/div><div class=\"wpb_column vc_column_container col-xs-mobile-fullwidth col-sm-4 text-center sm-text-center xs-text-center\"><div class=\"vc-column-innner-wrapper\"><span class=\"services-number-landing font-weight-100 gray-text bg-light-yellow\">3<\/span><p class=\"text-med font-weight-600 margin-five no-margin-bottom\" style=\"color:#fab51d !important\">Online-Dinner<\/p><p style=\"text-align: center;\"><span style=\"font-weight: 400; color: #1f1b3e;\">Einem \u201eMy Home Is Your Home\u201c-Essen, bei dem man Fremde in das eigene Online-Wohnzimmer einl\u00e4dt<\/span><\/p>\n<\/div><\/div><\/div><\/div><\/div><\/div><\/div><\/section><section class=\" row-equal-height\" ><div class=\"container\"><div class=\"row\"><div class=\"wpb_column vc_column_container col-xs-mobile-fullwidth col-sm-12 margin-two sm-margin-two xs-margin-two\"><div class=\"vc-column-innner-wrapper\"><div  class=\"  margin-four-bottom sm-margin-four-bottom xs-margin-two-bottom\" ><h2 style=\"text-align: center;\"><span style=\"color: #8c1d18;\">Das k\u00f6nnte euch auch interessieren<\/span><\/h2>\n<\/div><div class=\" hcode-inner-row\" ><div class=\"wpb_column vc_column_container marmob8 col-xs-mobile-fullwidth col-sm-4 text-center sm-text-center xs-text-center\"><div class=\"vc-column-innner-wrapper\"><div  class=\"  margin-three-bottom sm-margin-three-bottom xs-margin-one-bottom\" ><h4 style=\"text-align: center;\"><span style=\"color: #1f1b3e;\"><strong>Wie man das Angebot einer Markthalle auf involvierende Weise pr\u00e4sentiert<\/strong><\/span><\/h4>\n<\/div><img loading=\"lazy\" decoding=\"async\" src=\"https:\/\/www.wildandroot.com\/wp-content\/uploads\/2017\/08\/wildandroot-eating-design-studio-357-von-427-2-e1594769353487.jpg\" width=\"1365\" height=\"910\"  alt=\"Wild and Root Kreativagentur Markthalle Acht Bremen\"><a  href=\"https:\/\/www.wildandroot.com\/de\/wie-man-das-angebot-einer-markthalle-auf-involvierende-weise-praesentiert\/\" target=\"_self\" class=\"inner-link highlight-button-dark btn-small  margin-four-top sm-margin-four-top xs-margin-two-top button btn\" >Finde es heraus<\/a><\/div><\/div><div class=\"wpb_column vc_column_container marmob8 col-xs-mobile-fullwidth col-sm-4 text-center sm-text-center xs-text-center\"><div class=\"vc-column-innner-wrapper\"><div  class=\"  margin-three-bottom sm-margin-three-bottom xs-margin-one-bottom\" ><h4 style=\"text-align: center;\"><span style=\"color: #1f1b3e;\"><strong>Wie man die Geschichte des fr\u00fcheren Klosterlebens erz\u00e4hlt<\/strong><\/span><\/h4>\n<\/div><img loading=\"lazy\" decoding=\"async\" src=\"https:\/\/www.wildandroot.com\/wp-content\/uploads\/2017\/08\/wildandroot-eating-design-studio-55-von-98.jpg\" width=\"1500\" height=\"1001\"  alt=\"Wild and Root Eventagentur Berlin\"><a  href=\"https:\/\/www.wildandroot.com\/de\/wie-man-die-geschichte-des-frueheren-klosterlebens-erzaehlt\/\" target=\"_self\" class=\"inner-link highlight-button-dark btn-small  margin-four-top sm-margin-four-top xs-margin-two-top button btn\" >Finde es heraus<\/a><\/div><\/div><div class=\"wpb_column vc_column_container marmob8 col-xs-mobile-fullwidth col-sm-4 text-center sm-text-center xs-text-center\"><div class=\"vc-column-innner-wrapper\"><div  class=\"  margin-three-bottom sm-margin-three-bottom xs-margin-one-bottom\" ><h4 style=\"text-align: center;\"><span style=\"color: #1f1b3e;\"><strong>Wie man die Einzigartigkeit einer Region zur Geltung bringen kann<\/strong><\/span><\/h4>\n<\/div><img loading=\"lazy\" decoding=\"async\" src=\"https:\/\/www.wildandroot.com\/wp-content\/uploads\/2016\/02\/G7A3463-e1594726090311.jpg\" width=\"600\" height=\"400\"  alt=\"\"><a  href=\"https:\/\/www.wildandroot.com\/de\/wie-man-die-einzigartigkeit-einer-region-zur-geltung-bringt\/\" target=\"_self\" class=\"inner-link highlight-button-dark btn-small  margin-four-top sm-margin-four-top xs-margin-two-top button btn\" >Finde es heraus<\/a><\/div><\/div><\/div><\/div><\/div><\/div><\/div><\/section><section  ><div class=\"container\"><div class=\"row\"><div class=\"wpb_column vc_column_container col-xs-mobile-fullwidth col-sm-12\"><div class=\"vc-column-innner-wrapper\"><div  class=\"  margin-four-bottom sm-margin-four-bottom xs-margin-two-bottom\" ><h2 style=\"text-align: center;\"><span style=\"color: #8c1d18;\">Unsere letzten Projekte<\/span><\/h2>\n<\/div><div  class=\"work-3col gutter work-with-title \"><div class=\"col-md-12  grid-gallery overflow-hidden  content-section\" ><div class=\"tab-content\"><ul class=\"grid masonry-items \"><li class=\"portfolio-filter-86 \"><figure><div class=\"gallery-img\"><a href=\"https:\/\/www.wildandroot.com\/de\/portfolio\/brot-dinner\/\"><img loading=\"lazy\" decoding=\"async\" src=\"https:\/\/www.wildandroot.com\/wp-content\/uploads\/2018\/11\/BrotDinnerimEndorphina08-11-2018-98.jpg\" width=\"1024\" height=\"683\" alt=\"Wild & Root Creative Food Agency, Food Waste Concepts\"><\/a><\/div><figcaption><h3><a href=\"https:\/\/www.wildandroot.com\/de\/portfolio\/brot-dinner\/\">Brotdinner<\/a><\/h3><p><\/p><\/figcaption><\/figure><\/li><li class=\"portfolio-filter-99 \"><figure><div class=\"gallery-img\"><a href=\"https:\/\/www.wildandroot.com\/de\/portfolio\/naturally-high-dinner\/\"><img loading=\"lazy\" decoding=\"async\" src=\"https:\/\/www.wildandroot.com\/wp-content\/uploads\/2018\/10\/wildandroot-eating-design-studio-4092.jpg\" width=\"2242\" height=\"1496\" alt=\"Wild & Root Creative Food Agency, Berlin, Europe\"><\/a><\/div><figcaption><h3><a href=\"https:\/\/www.wildandroot.com\/de\/portfolio\/naturally-high-dinner\/\">Naturally High Dinner<\/a><\/h3><p><\/p><\/figcaption><\/figure><\/li><li class=\"portfolio-filter-98 \"><figure><div class=\"gallery-img\"><a href=\"https:\/\/www.wildandroot.com\/de\/portfolio\/intueat-retreat\/\"><img loading=\"lazy\" decoding=\"async\" src=\"https:\/\/www.wildandroot.com\/wp-content\/uploads\/2018\/10\/wildandroot-eating-design-studio-41-5-e1539005619117.jpg\" width=\"2242\" height=\"1496\" alt=\"Wild & Root Creative Food Agency, Strategy, Campaigns & Events\"><\/a><\/div><figcaption><h3><a href=\"https:\/\/www.wildandroot.com\/de\/portfolio\/intueat-retreat\/\">Retreat<\/a><\/h3><p><\/p><\/figcaption><\/figure><\/li><li class=\"portfolio-filter-86 \"><figure><div class=\"gallery-img\"><a href=\"https:\/\/www.wildandroot.com\/de\/portfolio\/wildkraeuter-tasting\/\"><img loading=\"lazy\" decoding=\"async\" src=\"https:\/\/www.wildandroot.com\/wp-content\/uploads\/2017\/08\/wildandroot-eating-design-studio-4-von-98.jpg\" width=\"1500\" height=\"1000\" alt=\"Wild and Root Guerilla Gardening Berlin\"><\/a><\/div><figcaption><h3><a href=\"https:\/\/www.wildandroot.com\/de\/portfolio\/wildkraeuter-tasting\/\">Wildkr\u00e4uter Tasting<\/a><\/h3><p><\/p><\/figcaption><\/figure><\/li><li class=\"portfolio-filter-87 \"><figure><div class=\"gallery-img\"><a href=\"https:\/\/www.wildandroot.com\/de\/portfolio\/team-building-berlin\/\"><img loading=\"lazy\" decoding=\"async\" src=\"https:\/\/www.wildandroot.com\/wp-content\/uploads\/2017\/08\/wildandroot-eating-design-studio-204-von-427.jpg\" width=\"1500\" height=\"1001\" alt=\"Wild and Root dining experience Berlin\"><\/a><\/div><figcaption><h3><a href=\"https:\/\/www.wildandroot.com\/de\/portfolio\/team-building-berlin\/\">Team Building Berlin<\/a><\/h3><p><\/p><\/figcaption><\/figure><\/li><li class=\"portfolio-filter-86 \"><figure><div class=\"gallery-img\"><a href=\"https:\/\/www.wildandroot.com\/de\/portfolio\/geschmacksprobe\/\"><img loading=\"lazy\" decoding=\"async\" src=\"https:\/\/www.wildandroot.com\/wp-content\/uploads\/2017\/08\/wildandroot-eating-design-studio-227-von-427.jpg\" width=\"1500\" height=\"1000\" alt=\"Wild and Root Esserlebnis Berlin\"><\/a><\/div><figcaption><h3><a href=\"https:\/\/www.wildandroot.com\/de\/portfolio\/geschmacksprobe\/\">Geschmacksprobe<\/a><\/h3><p><\/p><\/figcaption><\/figure><\/li><\/ul><\/div><\/div><\/div><\/div><\/div><\/div><\/div><\/section>","protected":false},"excerpt":{"rendered":"<p>ddGeschmacksprobe: Ein Food Pairing Kurs Food loves wine #3: Geschmacksprobe Wild &amp; Root l\u00e4dt zu Food und Wein Pairing Workshops ein, bei dem die G\u00e4ste mit allen Sinnen lernen und die Liebe zwischen Lebensmitteln und Wein entdecken k\u00f6nnen. Wein Partner: Wiine.me \u00a0<\/p>\n","protected":false},"author":1,"featured_media":22380,"parent":0,"menu_order":0,"comment_status":"closed","ping_status":"closed","template":"","meta":{"inline_featured_image":false,"footnotes":""},"class_list":["post-22499","page","type-page","status-publish","has-post-thumbnail","hentry"],"yoast_head":"<!-- This site is optimized with the Yoast SEO plugin v27.4 - https:\/\/yoast.com\/product\/yoast-seo-wordpress\/ -->\n<title>Food Konzepte, Wild &amp; Root Kreativagentur, Berlin<\/title>\n<meta name=\"description\" content=\"Wild &amp; Root ist eine Kreativagentur in Berlin. Wir kreieren Strategien, Kampagnen &amp; Events f\u00fcr Marken und wandeln ihre Werte in Erlebnisse.\" \/>\n<meta name=\"robots\" content=\"index, follow, max-snippet:-1, max-image-preview:large, max-video-preview:-1\" \/>\n<link rel=\"canonical\" href=\"https:\/\/www.wildandroot.com\/de\/wie-man-eine-stadt-als-heimat-der-vielfalt-praesentiert\/\" \/>\n<meta property=\"og:locale\" content=\"de_DE\" \/>\n<meta property=\"og:type\" content=\"article\" \/>\n<meta property=\"og:title\" content=\"Food Konzepte, Wild &amp; Root Kreativagentur, Berlin\" \/>\n<meta property=\"og:description\" content=\"Wild &amp; Root ist eine Kreativagentur in Berlin. Wir kreieren Strategien, Kampagnen &amp; Events f\u00fcr Marken und wandeln ihre Werte in Erlebnisse.\" \/>\n<meta property=\"og:url\" content=\"https:\/\/www.wildandroot.com\/de\/wie-man-eine-stadt-als-heimat-der-vielfalt-praesentiert\/\" \/>\n<meta property=\"og:site_name\" content=\"Wild and Root - Food Agency\" \/>\n<meta property=\"article:publisher\" content=\"https:\/\/www.facebook.com\/wildandroot\/\" \/>\n<meta property=\"article:modified_time\" content=\"2023-02-22T11:22:33+00:00\" \/>\n<meta property=\"og:image\" content=\"https:\/\/www.wildandroot.com\/wp-content\/uploads\/2020\/07\/29112017-29112017-5Z0A8313.jpg\" \/>\n\t<meta property=\"og:image:width\" content=\"2000\" \/>\n\t<meta property=\"og:image:height\" content=\"1333\" \/>\n\t<meta property=\"og:image:type\" content=\"image\/jpeg\" \/>\n<meta name=\"twitter:card\" content=\"summary_large_image\" \/>\n<meta name=\"twitter:label1\" content=\"Gesch\u00e4tzte Lesezeit\" \/>\n\t<meta name=\"twitter:data1\" content=\"2\u00a0Minuten\" \/>\n<script type=\"application\/ld+json\" class=\"yoast-schema-graph\">{\"@context\":\"https:\\\/\\\/schema.org\",\"@graph\":[{\"@type\":\"WebPage\",\"@id\":\"https:\\\/\\\/www.wildandroot.com\\\/de\\\/wie-man-eine-stadt-als-heimat-der-vielfalt-praesentiert\\\/\",\"url\":\"https:\\\/\\\/www.wildandroot.com\\\/de\\\/wie-man-eine-stadt-als-heimat-der-vielfalt-praesentiert\\\/\",\"name\":\"Food Konzepte, Wild & Root Kreativagentur, Berlin\",\"isPartOf\":{\"@id\":\"https:\\\/\\\/www.wildandroot.com\\\/de\\\/#website\"},\"primaryImageOfPage\":{\"@id\":\"https:\\\/\\\/www.wildandroot.com\\\/de\\\/wie-man-eine-stadt-als-heimat-der-vielfalt-praesentiert\\\/#primaryimage\"},\"image\":{\"@id\":\"https:\\\/\\\/www.wildandroot.com\\\/de\\\/wie-man-eine-stadt-als-heimat-der-vielfalt-praesentiert\\\/#primaryimage\"},\"thumbnailUrl\":\"https:\\\/\\\/www.wildandroot.com\\\/wp-content\\\/uploads\\\/2020\\\/07\\\/29112017-29112017-5Z0A8313.jpg\",\"datePublished\":\"2020-07-14T10:20:21+00:00\",\"dateModified\":\"2023-02-22T11:22:33+00:00\",\"description\":\"Wild & Root ist eine Kreativagentur in Berlin. Wir kreieren Strategien, Kampagnen & Events f\u00fcr Marken und wandeln ihre Werte in Erlebnisse.\",\"breadcrumb\":{\"@id\":\"https:\\\/\\\/www.wildandroot.com\\\/de\\\/wie-man-eine-stadt-als-heimat-der-vielfalt-praesentiert\\\/#breadcrumb\"},\"inLanguage\":\"de\",\"potentialAction\":[{\"@type\":\"ReadAction\",\"target\":[\"https:\\\/\\\/www.wildandroot.com\\\/de\\\/wie-man-eine-stadt-als-heimat-der-vielfalt-praesentiert\\\/\"]}]},{\"@type\":\"ImageObject\",\"inLanguage\":\"de\",\"@id\":\"https:\\\/\\\/www.wildandroot.com\\\/de\\\/wie-man-eine-stadt-als-heimat-der-vielfalt-praesentiert\\\/#primaryimage\",\"url\":\"https:\\\/\\\/www.wildandroot.com\\\/wp-content\\\/uploads\\\/2020\\\/07\\\/29112017-29112017-5Z0A8313.jpg\",\"contentUrl\":\"https:\\\/\\\/www.wildandroot.com\\\/wp-content\\\/uploads\\\/2020\\\/07\\\/29112017-29112017-5Z0A8313.jpg\",\"width\":2000,\"height\":1333,\"caption\":\"Wild & Root Kreativagentur, Lebensmittelkonzepte\"},{\"@type\":\"BreadcrumbList\",\"@id\":\"https:\\\/\\\/www.wildandroot.com\\\/de\\\/wie-man-eine-stadt-als-heimat-der-vielfalt-praesentiert\\\/#breadcrumb\",\"itemListElement\":[{\"@type\":\"ListItem\",\"position\":1,\"name\":\"Home\",\"item\":\"https:\\\/\\\/www.wildandroot.com\\\/de\\\/\"},{\"@type\":\"ListItem\",\"position\":2,\"name\":\"Wie man eine Stadt als Heimat der Vielfalt pr\u00e4sentiert\"}]},{\"@type\":\"WebSite\",\"@id\":\"https:\\\/\\\/www.wildandroot.com\\\/de\\\/#website\",\"url\":\"https:\\\/\\\/www.wildandroot.com\\\/de\\\/\",\"name\":\"Wild and Root - Food Agency\",\"description\":\"Food Design Studio - Catering - Food Lab\",\"publisher\":{\"@id\":\"https:\\\/\\\/www.wildandroot.com\\\/de\\\/#organization\"},\"potentialAction\":[{\"@type\":\"SearchAction\",\"target\":{\"@type\":\"EntryPoint\",\"urlTemplate\":\"https:\\\/\\\/www.wildandroot.com\\\/de\\\/?s={search_term_string}\"},\"query-input\":{\"@type\":\"PropertyValueSpecification\",\"valueRequired\":true,\"valueName\":\"search_term_string\"}}],\"inLanguage\":\"de\"},{\"@type\":\"Organization\",\"@id\":\"https:\\\/\\\/www.wildandroot.com\\\/de\\\/#organization\",\"name\":\"Wild & Root\",\"url\":\"https:\\\/\\\/www.wildandroot.com\\\/de\\\/\",\"logo\":{\"@type\":\"ImageObject\",\"inLanguage\":\"de\",\"@id\":\"https:\\\/\\\/www.wildandroot.com\\\/de\\\/#\\\/schema\\\/logo\\\/image\\\/\",\"url\":\"https:\\\/\\\/www.wildandroot.com\\\/wp-content\\\/uploads\\\/2021\\\/12\\\/logo_black.svg\",\"contentUrl\":\"https:\\\/\\\/www.wildandroot.com\\\/wp-content\\\/uploads\\\/2021\\\/12\\\/logo_black.svg\",\"width\":1417,\"height\":354,\"caption\":\"Wild & Root\"},\"image\":{\"@id\":\"https:\\\/\\\/www.wildandroot.com\\\/de\\\/#\\\/schema\\\/logo\\\/image\\\/\"},\"sameAs\":[\"https:\\\/\\\/www.facebook.com\\\/wildandroot\\\/\"]}]}<\/script>\n<!-- \/ Yoast SEO plugin. -->","yoast_head_json":{"title":"Food Konzepte, Wild & Root Kreativagentur, Berlin","description":"Wild & Root ist eine Kreativagentur in Berlin. Wir kreieren Strategien, Kampagnen & Events f\u00fcr Marken und wandeln ihre Werte in Erlebnisse.","robots":{"index":"index","follow":"follow","max-snippet":"max-snippet:-1","max-image-preview":"max-image-preview:large","max-video-preview":"max-video-preview:-1"},"canonical":"https:\/\/www.wildandroot.com\/de\/wie-man-eine-stadt-als-heimat-der-vielfalt-praesentiert\/","og_locale":"de_DE","og_type":"article","og_title":"Food Konzepte, Wild & Root Kreativagentur, Berlin","og_description":"Wild & Root ist eine Kreativagentur in Berlin. Wir kreieren Strategien, Kampagnen & Events f\u00fcr Marken und wandeln ihre Werte in Erlebnisse.","og_url":"https:\/\/www.wildandroot.com\/de\/wie-man-eine-stadt-als-heimat-der-vielfalt-praesentiert\/","og_site_name":"Wild and Root - Food Agency","article_publisher":"https:\/\/www.facebook.com\/wildandroot\/","article_modified_time":"2023-02-22T11:22:33+00:00","og_image":[{"width":2000,"height":1333,"url":"https:\/\/www.wildandroot.com\/wp-content\/uploads\/2020\/07\/29112017-29112017-5Z0A8313.jpg","type":"image\/jpeg"}],"twitter_card":"summary_large_image","twitter_misc":{"Gesch\u00e4tzte Lesezeit":"2\u00a0Minuten"},"schema":{"@context":"https:\/\/schema.org","@graph":[{"@type":"WebPage","@id":"https:\/\/www.wildandroot.com\/de\/wie-man-eine-stadt-als-heimat-der-vielfalt-praesentiert\/","url":"https:\/\/www.wildandroot.com\/de\/wie-man-eine-stadt-als-heimat-der-vielfalt-praesentiert\/","name":"Food Konzepte, Wild & Root Kreativagentur, Berlin","isPartOf":{"@id":"https:\/\/www.wildandroot.com\/de\/#website"},"primaryImageOfPage":{"@id":"https:\/\/www.wildandroot.com\/de\/wie-man-eine-stadt-als-heimat-der-vielfalt-praesentiert\/#primaryimage"},"image":{"@id":"https:\/\/www.wildandroot.com\/de\/wie-man-eine-stadt-als-heimat-der-vielfalt-praesentiert\/#primaryimage"},"thumbnailUrl":"https:\/\/www.wildandroot.com\/wp-content\/uploads\/2020\/07\/29112017-29112017-5Z0A8313.jpg","datePublished":"2020-07-14T10:20:21+00:00","dateModified":"2023-02-22T11:22:33+00:00","description":"Wild & Root ist eine Kreativagentur in Berlin. Wir kreieren Strategien, Kampagnen & Events f\u00fcr Marken und wandeln ihre Werte in Erlebnisse.","breadcrumb":{"@id":"https:\/\/www.wildandroot.com\/de\/wie-man-eine-stadt-als-heimat-der-vielfalt-praesentiert\/#breadcrumb"},"inLanguage":"de","potentialAction":[{"@type":"ReadAction","target":["https:\/\/www.wildandroot.com\/de\/wie-man-eine-stadt-als-heimat-der-vielfalt-praesentiert\/"]}]},{"@type":"ImageObject","inLanguage":"de","@id":"https:\/\/www.wildandroot.com\/de\/wie-man-eine-stadt-als-heimat-der-vielfalt-praesentiert\/#primaryimage","url":"https:\/\/www.wildandroot.com\/wp-content\/uploads\/2020\/07\/29112017-29112017-5Z0A8313.jpg","contentUrl":"https:\/\/www.wildandroot.com\/wp-content\/uploads\/2020\/07\/29112017-29112017-5Z0A8313.jpg","width":2000,"height":1333,"caption":"Wild & Root Kreativagentur, Lebensmittelkonzepte"},{"@type":"BreadcrumbList","@id":"https:\/\/www.wildandroot.com\/de\/wie-man-eine-stadt-als-heimat-der-vielfalt-praesentiert\/#breadcrumb","itemListElement":[{"@type":"ListItem","position":1,"name":"Home","item":"https:\/\/www.wildandroot.com\/de\/"},{"@type":"ListItem","position":2,"name":"Wie man eine Stadt als Heimat der Vielfalt pr\u00e4sentiert"}]},{"@type":"WebSite","@id":"https:\/\/www.wildandroot.com\/de\/#website","url":"https:\/\/www.wildandroot.com\/de\/","name":"Wild and Root - Food Agency","description":"Food Design Studio - Catering - Food Lab","publisher":{"@id":"https:\/\/www.wildandroot.com\/de\/#organization"},"potentialAction":[{"@type":"SearchAction","target":{"@type":"EntryPoint","urlTemplate":"https:\/\/www.wildandroot.com\/de\/?s={search_term_string}"},"query-input":{"@type":"PropertyValueSpecification","valueRequired":true,"valueName":"search_term_string"}}],"inLanguage":"de"},{"@type":"Organization","@id":"https:\/\/www.wildandroot.com\/de\/#organization","name":"Wild & Root","url":"https:\/\/www.wildandroot.com\/de\/","logo":{"@type":"ImageObject","inLanguage":"de","@id":"https:\/\/www.wildandroot.com\/de\/#\/schema\/logo\/image\/","url":"https:\/\/www.wildandroot.com\/wp-content\/uploads\/2021\/12\/logo_black.svg","contentUrl":"https:\/\/www.wildandroot.com\/wp-content\/uploads\/2021\/12\/logo_black.svg","width":1417,"height":354,"caption":"Wild & Root"},"image":{"@id":"https:\/\/www.wildandroot.com\/de\/#\/schema\/logo\/image\/"},"sameAs":["https:\/\/www.facebook.com\/wildandroot\/"]}]}},"_links":{"self":[{"href":"https:\/\/www.wildandroot.com\/de\/wp-json\/wp\/v2\/pages\/22499","targetHints":{"allow":["GET"]}}],"collection":[{"href":"https:\/\/www.wildandroot.com\/de\/wp-json\/wp\/v2\/pages"}],"about":[{"href":"https:\/\/www.wildandroot.com\/de\/wp-json\/wp\/v2\/types\/page"}],"author":[{"embeddable":true,"href":"https:\/\/www.wildandroot.com\/de\/wp-json\/wp\/v2\/users\/1"}],"replies":[{"embeddable":true,"href":"https:\/\/www.wildandroot.com\/de\/wp-json\/wp\/v2\/comments?post=22499"}],"version-history":[{"count":10,"href":"https:\/\/www.wildandroot.com\/de\/wp-json\/wp\/v2\/pages\/22499\/revisions"}],"predecessor-version":[{"id":25830,"href":"https:\/\/www.wildandroot.com\/de\/wp-json\/wp\/v2\/pages\/22499\/revisions\/25830"}],"wp:featuredmedia":[{"embeddable":true,"href":"https:\/\/www.wildandroot.com\/de\/wp-json\/wp\/v2\/media\/22380"}],"wp:attachment":[{"href":"https:\/\/www.wildandroot.com\/de\/wp-json\/wp\/v2\/media?parent=22499"}],"curies":[{"name":"wp","href":"https:\/\/api.w.org\/{rel}","templated":true}]}}